{"id":9,"date":"2026-04-01T17:25:13","date_gmt":"2026-04-01T17:25:13","guid":{"rendered":"https:\/\/efenekmek.com\/?page_id=9"},"modified":"2026-04-01T17:30:56","modified_gmt":"2026-04-01T17:30:56","slug":"home","status":"publish","type":"page","link":"https:\/\/efenekmek.com\/","title":{"rendered":"Home"},"content":{"rendered":"\t\t<div data-elementor-type=\"wp-page\" data-elementor-id=\"9\" class=\"elementor elementor-9\">\n\t\t\t\t<div class=\"elementor-element elementor-element-6279b82b coming-soon-shortly-banner-section e-flex e-con-boxed e-con e-parent\" data-id=\"6279b82b\" data-element_type=\"container\" data-e-type=\"container\" data-settings=\"{&quot;background_background&quot;:&quot;classic&quot;}\">\n\t\t\t\t\t<div class=\"e-con-inner\">\n\t\t<div class=\"elementor-element elementor-element-441640d2 coming-soon-shortly-con1 e-flex e-con-boxed e-con e-child\" data-id=\"441640d2\" data-element_type=\"container\" data-e-type=\"container\">\n\t\t\t\t\t<div class=\"e-con-inner\">\n\t\t\t\t<div class=\"elementor-element elementor-element-3d4cf416 elementor-widget elementor-widget-heading\" data-id=\"3d4cf416\" data-element_type=\"widget\" data-e-type=\"widget\" data-widget_type=\"heading.default\">\n\t\t\t\t\t<h1 class=\"elementor-heading-title elementor-size-default\">\u00c7OK<\/h1>\t\t\t\t<\/div>\n\t\t\t\t<div class=\"elementor-element elementor-element-79ef2f1f elementor-widget elementor-widget-heading\" data-id=\"79ef2f1f\" data-element_type=\"widget\" data-e-type=\"widget\" data-widget_type=\"heading.default\">\n\t\t\t\t\t<h1 class=\"elementor-heading-title elementor-size-default\">YAKINDA!<\/h1>\t\t\t\t<\/div>\n\t\t\t\t\t<\/div>\n\t\t\t\t<\/div>\n\t\t<div class=\"elementor-element elementor-element-67672dfd coming-soon-shortly-con2 e-flex e-con-boxed e-con e-child\" data-id=\"67672dfd\" data-element_type=\"container\" data-e-type=\"container\">\n\t\t\t\t\t<div class=\"e-con-inner\">\n\t\t\t\t<div class=\"elementor-element elementor-element-3ea58cfc elementor-widget elementor-widget-text-editor\" data-id=\"3ea58cfc\" data-element_type=\"widget\" data-e-type=\"widget\" data-widget_type=\"text-editor.default\">\n\t\t\t\t\t\t\t\t\t<div>\u00a0<\/div><p>Kaliteli \u00fcretimi, g\u00fcvenilir hizmet anlay\u0131\u015f\u0131yla birle\u015ftirerek m\u00fc\u015fterilerimize her zaman en iyisini sunmay\u0131 hedefliyoruz. Deneyimimiz ve disiplinli \u00e7al\u0131\u015fma yap\u0131m\u0131zla, s\u00fcrd\u00fcr\u00fclebilir kaliteyi standart haline getiriyor; yenilik\u00e7i yakla\u015f\u0131m\u0131m\u0131zla s\u00fcrekli geli\u015fiyoruz. \u00d6nceli\u011fimiz, her zaman memnuniyet ve g\u00fcven.<\/p>\t\t\t\t\t\t\t\t<\/div>\n\t\t\t\t<div class=\"elementor-element elementor-element-1ddf2d89 elementor-align-center elementor-widget elementor-widget-button\" data-id=\"1ddf2d89\" data-element_type=\"widget\" data-e-type=\"widget\" data-widget_type=\"button.default\">\n\t\t\t\t\t\t\t\t\t\t<a class=\"elementor-button elementor-button-link elementor-size-sm\" href=\"mailto:info@efenekmek.com\">\n\t\t\t\t\t\t<span class=\"elementor-button-content-wrapper\">\n\t\t\t\t\t\t\t\t\t<span class=\"elementor-button-text\">\u0130leti\u015fim<\/span>\n\t\t\t\t\t<\/span>\n\t\t\t\t\t<\/a>\n\t\t\t\t\t\t\t\t<\/div>\n\t\t\t\t\t<\/div>\n\t\t\t\t<\/div>\n\t\t\t\t\t<\/div>\n\t\t\t\t<\/div>\n\t\t\t\t<\/div>\n\t\t","protected":false},"excerpt":{"rendered":"<p>\u00c7OK YAKINDA! \u00a0 Kaliteli \u00fcretimi, g\u00fcvenilir hizmet anlay\u0131\u015f\u0131yla birle\u015ftirerek m\u00fc\u015fterilerimize her zaman en iyisini sunmay\u0131 hedefliyoruz. Deneyimimiz ve disiplinli \u00e7al\u0131\u015fma yap\u0131m\u0131zla, s\u00fcrd\u00fcr\u00fclebilir kaliteyi standart haline getiriyor; yenilik\u00e7i yakla\u015f\u0131m\u0131m\u0131zla s\u00fcrekli geli\u015fiyoruz. \u00d6nceli\u011fimiz, her zaman memnuniyet ve g\u00fcven. \u0130leti\u015fim<\/p>\n","protected":false},"author":1,"featured_media":0,"parent":0,"menu_order":0,"comment_status":"closed","ping_status":"closed","template":"templates\/frontpage.php","meta":{"footnotes":""},"class_list":["post-9","page","type-page","status-publish","hentry"],"_links":{"self":[{"href":"https:\/\/efenekmek.com\/index.php?rest_route=\/wp\/v2\/pages\/9","targetHints":{"allow":["GET"]}}],"collection":[{"href":"https:\/\/efenekmek.com\/index.php?rest_route=\/wp\/v2\/pages"}],"about":[{"href":"https:\/\/efenekmek.com\/index.php?rest_route=\/wp\/v2\/types\/page"}],"author":[{"embeddable":true,"href":"https:\/\/efenekmek.com\/index.php?rest_route=\/wp\/v2\/users\/1"}],"replies":[{"embeddable":true,"href":"https:\/\/efenekmek.com\/index.php?rest_route=%2Fwp%2Fv2%2Fcomments&post=9"}],"version-history":[{"count":3,"href":"https:\/\/efenekmek.com\/index.php?rest_route=\/wp\/v2\/pages\/9\/revisions"}],"predecessor-version":[{"id":22,"href":"https:\/\/efenekmek.com\/index.php?rest_route=\/wp\/v2\/pages\/9\/revisions\/22"}],"wp:attachment":[{"href":"https:\/\/efenekmek.com\/index.php?rest_route=%2Fwp%2Fv2%2Fmedia&parent=9"}],"curies":[{"name":"wp","href":"https:\/\/api.w.org\/{rel}","templated":true}]}}